{"id":284,"date":"2025-06-17T13:39:59","date_gmt":"2025-06-17T18:39:59","guid":{"rendered":"https:\/\/malunga.org\/quines-somos\/"},"modified":"2025-09-30T14:08:24","modified_gmt":"2025-09-30T19:08:24","slug":"quines-somos","status":"publish","type":"page","link":"https:\/\/malunga.org\/pt-br\/quines-somos\/","title":{"rendered":"Quem somos"},"content":{"rendered":"\n<p>Somos uma jornada coletiva tecida em apoio m\u00fatuo e corresponsabilidade, que reivindica a solidariedade negra como raiz e horizonte de nossa a\u00e7\u00e3o.<\/p>\n","protected":false},"excerpt":{"rendered":"<p>Somos uma jornada coletiva tecida em apoio m\u00fatuo e corresponsabilidade, que reivindica a solidariedade negra como raiz e horizonte de nossa a\u00e7\u00e3o.<\/p>\n","protected":false},"author":1,"featured_media":298,"parent":0,"menu_order":0,"comment_status":"closed","ping_status":"closed","template":"templates\/equipo-trabajo.php","meta":{"_acf_changed":false,"footnotes":""},"class_list":["post-284","page","type-page","status-publish","has-post-thumbnail","hentry"],"acf":[],"_links":{"self":[{"href":"https:\/\/malunga.org\/pt-br\/wp-json\/wp\/v2\/pages\/284","targetHints":{"allow":["GET"]}}],"collection":[{"href":"https:\/\/malunga.org\/pt-br\/wp-json\/wp\/v2\/pages"}],"about":[{"href":"https:\/\/malunga.org\/pt-br\/wp-json\/wp\/v2\/types\/page"}],"author":[{"embeddable":true,"href":"https:\/\/malunga.org\/pt-br\/wp-json\/wp\/v2\/users\/1"}],"replies":[{"embeddable":true,"href":"https:\/\/malunga.org\/pt-br\/wp-json\/wp\/v2\/comments?post=284"}],"version-history":[{"count":6,"href":"https:\/\/malunga.org\/pt-br\/wp-json\/wp\/v2\/pages\/284\/revisions"}],"predecessor-version":[{"id":868,"href":"https:\/\/malunga.org\/pt-br\/wp-json\/wp\/v2\/pages\/284\/revisions\/868"}],"wp:featuredmedia":[{"embeddable":true,"href":"https:\/\/malunga.org\/pt-br\/wp-json\/wp\/v2\/media\/298"}],"wp:attachment":[{"href":"https:\/\/malunga.org\/pt-br\/wp-json\/wp\/v2\/media?parent=284"}],"curies":[{"name":"wp","href":"https:\/\/api.w.org\/{rel}","templated":true}]}}