{"id":655,"date":"2025-09-12T15:41:12","date_gmt":"2025-09-12T20:41:12","guid":{"rendered":"https:\/\/malunga.org\/malunga-rede-pela-justica-global-e-contra-o-racismo-antinegro\/"},"modified":"2025-10-15T15:50:41","modified_gmt":"2025-10-15T20:50:41","slug":"malunga-rede-pela-justica-global-e-contra-o-racismo-antinegro","status":"publish","type":"page","link":"https:\/\/malunga.org\/pt-br\/","title":{"rendered":"Malunga: Rede pela Justi\u00e7a Global e contra o Racismo Antinegro"},"content":{"rendered":"\n<p>Malunga \u00e9 uma rede global que re\u00fane uma diversidade de atores: ativistas, intelectuais, educadores, artistas, pessoas na fun\u00e7\u00e3o p\u00fablica e aliados estrat\u00e9gicos com uma agenda comum de luta contra o racismo antinegro e a exig\u00eancia de pol\u00edticas antirracistas como recurso principal para alcan\u00e7ar a justi\u00e7a global.<br\/>A Rede adota a express\u00e3o <em>Malunga<\/em>, uma palavra Congo-bantu que emite uma mensagem profunda atrav\u00e9s de quatro significados interrelacionados:<\/p>\n\n<ul class=\"wp-block-list\">\n<li>Primeiro, um <strong>grande barco<\/strong>: s\u00edmbolo da viagem compartilhada.<\/li>\n\n\n\n<li>Segundo, o <strong>sofrimento coletivo<\/strong>: em mem\u00f3ria das feridas do passado.<\/li>\n\n\n\n<li>Terceiro, a <strong>solidariedade negra<\/strong>: for\u00e7a que une e sustenta.<\/li>\n\n\n\n<li>Quarto, como <strong>companheiros de viagem<\/strong>: representa\u00e7\u00e3o do apoio m\u00fatuo e da corresponsabilidade.<\/li>\n<\/ul>\n\n<p>A Rede Malunga nasce como uma resposta coletiva ao racismo estrutural e a suas consequ\u00eancias hist\u00f3ricas: desde o tr\u00e1fico transatl\u00e2ntico at\u00e9 as m\u00faltiplas formas de viol\u00eancia que ainda persistem. \u00c9 tamb\u00e9m um espa\u00e7o de celebra\u00e7\u00e3o dos valores, saberes e express\u00f5es culturais negras, que impulsiona a constru\u00e7\u00e3o de sociedades mais equitativas atrav\u00e9s de uma agenda intersecional de justi\u00e7a racial, \u00e9tnica, social, de g\u00eanero e ecol\u00f3gica. <\/p>\n","protected":false},"excerpt":{"rendered":"<p>Malunga \u00e9 uma rede global que re\u00fane uma diversidade de atores: ativistas, intelectuais, educadores, artistas, pessoas na fun\u00e7\u00e3o p\u00fablica e aliados estrat\u00e9gicos com uma agenda comum de luta contra o racismo antinegro e a exig\u00eancia de pol\u00edticas antirracistas como recurso principal para alcan\u00e7ar a justi\u00e7a global.A Rede adota a express\u00e3o Malunga, uma palavra Congo-bantu que [&hellip;]<\/p>\n","protected":false},"author":1,"featured_media":1037,"parent":0,"menu_order":0,"comment_status":"closed","ping_status":"closed","template":"templates\/Inicio.php","meta":{"_acf_changed":false,"footnotes":""},"class_list":["post-655","page","type-page","status-publish","has-post-thumbnail","hentry"],"acf":[],"_links":{"self":[{"href":"https:\/\/malunga.org\/pt-br\/wp-json\/wp\/v2\/pages\/655","targetHints":{"allow":["GET"]}}],"collection":[{"href":"https:\/\/malunga.org\/pt-br\/wp-json\/wp\/v2\/pages"}],"about":[{"href":"https:\/\/malunga.org\/pt-br\/wp-json\/wp\/v2\/types\/page"}],"author":[{"embeddable":true,"href":"https:\/\/malunga.org\/pt-br\/wp-json\/wp\/v2\/users\/1"}],"replies":[{"embeddable":true,"href":"https:\/\/malunga.org\/pt-br\/wp-json\/wp\/v2\/comments?post=655"}],"version-history":[{"count":5,"href":"https:\/\/malunga.org\/pt-br\/wp-json\/wp\/v2\/pages\/655\/revisions"}],"predecessor-version":[{"id":1012,"href":"https:\/\/malunga.org\/pt-br\/wp-json\/wp\/v2\/pages\/655\/revisions\/1012"}],"wp:featuredmedia":[{"embeddable":true,"href":"https:\/\/malunga.org\/pt-br\/wp-json\/wp\/v2\/media\/1037"}],"wp:attachment":[{"href":"https:\/\/malunga.org\/pt-br\/wp-json\/wp\/v2\/media?parent=655"}],"curies":[{"name":"wp","href":"https:\/\/api.w.org\/{rel}","templated":true}]}}