{"id":666,"date":"2025-06-07T12:20:17","date_gmt":"2025-06-07T17:20:17","guid":{"rendered":"https:\/\/malunga.org\/noticias\/"},"modified":"2025-09-25T15:33:18","modified_gmt":"2025-09-25T20:33:18","slug":"noticias","status":"publish","type":"page","link":"https:\/\/malunga.org\/pt-br\/noticias\/","title":{"rendered":"Not\u00edcias"},"content":{"rendered":"\n<p>Reflex\u00f5es, saberes e mem\u00f3rias em movimento rumo \u00e0 justi\u00e7a global.<\/p>\n","protected":false},"excerpt":{"rendered":"<p>Reflex\u00f5es, saberes e mem\u00f3rias em movimento rumo \u00e0 justi\u00e7a global.<\/p>\n","protected":false},"author":1,"featured_media":999,"parent":0,"menu_order":0,"comment_status":"closed","ping_status":"closed","template":"templates\/publicaciones.php","meta":{"_acf_changed":false,"footnotes":""},"class_list":["post-666","page","type-page","status-publish","has-post-thumbnail","hentry"],"acf":[],"_links":{"self":[{"href":"https:\/\/malunga.org\/pt-br\/wp-json\/wp\/v2\/pages\/666","targetHints":{"allow":["GET"]}}],"collection":[{"href":"https:\/\/malunga.org\/pt-br\/wp-json\/wp\/v2\/pages"}],"about":[{"href":"https:\/\/malunga.org\/pt-br\/wp-json\/wp\/v2\/types\/page"}],"author":[{"embeddable":true,"href":"https:\/\/malunga.org\/pt-br\/wp-json\/wp\/v2\/users\/1"}],"replies":[{"embeddable":true,"href":"https:\/\/malunga.org\/pt-br\/wp-json\/wp\/v2\/comments?post=666"}],"version-history":[{"count":3,"href":"https:\/\/malunga.org\/pt-br\/wp-json\/wp\/v2\/pages\/666\/revisions"}],"predecessor-version":[{"id":756,"href":"https:\/\/malunga.org\/pt-br\/wp-json\/wp\/v2\/pages\/666\/revisions\/756"}],"wp:featuredmedia":[{"embeddable":true,"href":"https:\/\/malunga.org\/pt-br\/wp-json\/wp\/v2\/media\/999"}],"wp:attachment":[{"href":"https:\/\/malunga.org\/pt-br\/wp-json\/wp\/v2\/media?parent=666"}],"curies":[{"name":"wp","href":"https:\/\/api.w.org\/{rel}","templated":true}]}}