{"id":672,"date":"2025-05-30T18:06:34","date_gmt":"2025-05-30T23:06:34","guid":{"rendered":"https:\/\/malunga.org\/publicacoes\/"},"modified":"2025-09-25T15:37:39","modified_gmt":"2025-09-25T20:37:39","slug":"publicacoes","status":"publish","type":"page","link":"https:\/\/malunga.org\/pt-br\/publicacoes\/","title":{"rendered":"Publica\u00e7\u00f5es"},"content":{"rendered":"\n<p>Cr\u00f4nicas, reflex\u00f5es e vozes afrodescendentes que documentam nossa luta e celebram nossa resist\u00eancia.<\/p>\n","protected":false},"excerpt":{"rendered":"<p>Cr\u00f4nicas, reflex\u00f5es e vozes afrodescendentes que documentam nossa luta e celebram nossa resist\u00eancia.<\/p>\n","protected":false},"author":1,"featured_media":993,"parent":0,"menu_order":0,"comment_status":"closed","ping_status":"closed","template":"templates\/publicaciones.php","meta":{"_acf_changed":false,"footnotes":""},"class_list":["post-672","page","type-page","status-publish","has-post-thumbnail","hentry"],"acf":[],"_links":{"self":[{"href":"https:\/\/malunga.org\/pt-br\/wp-json\/wp\/v2\/pages\/672","targetHints":{"allow":["GET"]}}],"collection":[{"href":"https:\/\/malunga.org\/pt-br\/wp-json\/wp\/v2\/pages"}],"about":[{"href":"https:\/\/malunga.org\/pt-br\/wp-json\/wp\/v2\/types\/page"}],"author":[{"embeddable":true,"href":"https:\/\/malunga.org\/pt-br\/wp-json\/wp\/v2\/users\/1"}],"replies":[{"embeddable":true,"href":"https:\/\/malunga.org\/pt-br\/wp-json\/wp\/v2\/comments?post=672"}],"version-history":[{"count":3,"href":"https:\/\/malunga.org\/pt-br\/wp-json\/wp\/v2\/pages\/672\/revisions"}],"predecessor-version":[{"id":772,"href":"https:\/\/malunga.org\/pt-br\/wp-json\/wp\/v2\/pages\/672\/revisions\/772"}],"wp:featuredmedia":[{"embeddable":true,"href":"https:\/\/malunga.org\/pt-br\/wp-json\/wp\/v2\/media\/993"}],"wp:attachment":[{"href":"https:\/\/malunga.org\/pt-br\/wp-json\/wp\/v2\/media?parent=672"}],"curies":[{"name":"wp","href":"https:\/\/api.w.org\/{rel}","templated":true}]}}