{"id":684,"date":"2025-08-12T16:02:16","date_gmt":"2025-08-12T21:02:16","guid":{"rendered":"https:\/\/malunga.org\/obrigado-por-nos-escrever\/"},"modified":"2025-09-25T15:24:05","modified_gmt":"2025-09-25T20:24:05","slug":"obrigado-por-nos-escrever","status":"publish","type":"page","link":"https:\/\/malunga.org\/pt-br\/obrigado-por-nos-escrever\/","title":{"rendered":"Obrigado por nos escrever!"},"content":{"rendered":"\n<p class=\"has-text-align-center\">Recebemos sua mensagem e um dos membros da nossa equipe entrar\u00e1 em contato com voc\u00ea o mais breve poss\u00edvel.<\/p>\n\n<p class=\"has-text-align-center\">Enquanto isso, convidamos voc\u00ea a continuar explorando nosso trabalho e a se juntar \u00e0s nossas redes para ficar por dentro das pr\u00f3ximas a\u00e7\u00f5es.<\/p>\n","protected":false},"excerpt":{"rendered":"<p>Recebemos sua mensagem e um dos membros da nossa equipe entrar\u00e1 em contato com voc\u00ea o mais breve poss\u00edvel. Enquanto isso, convidamos voc\u00ea a continuar explorando nosso trabalho e a se juntar \u00e0s nossas redes para ficar por dentro das pr\u00f3ximas a\u00e7\u00f5es.<\/p>\n","protected":false},"author":1,"featured_media":683,"parent":0,"menu_order":0,"comment_status":"closed","ping_status":"closed","template":"templates\/exito-error.php","meta":{"_acf_changed":false,"footnotes":""},"class_list":["post-684","page","type-page","status-publish","has-post-thumbnail","hentry"],"acf":[],"_links":{"self":[{"href":"https:\/\/malunga.org\/pt-br\/wp-json\/wp\/v2\/pages\/684","targetHints":{"allow":["GET"]}}],"collection":[{"href":"https:\/\/malunga.org\/pt-br\/wp-json\/wp\/v2\/pages"}],"about":[{"href":"https:\/\/malunga.org\/pt-br\/wp-json\/wp\/v2\/types\/page"}],"author":[{"embeddable":true,"href":"https:\/\/malunga.org\/pt-br\/wp-json\/wp\/v2\/users\/1"}],"replies":[{"embeddable":true,"href":"https:\/\/malunga.org\/pt-br\/wp-json\/wp\/v2\/comments?post=684"}],"version-history":[{"count":1,"href":"https:\/\/malunga.org\/pt-br\/wp-json\/wp\/v2\/pages\/684\/revisions"}],"predecessor-version":[{"id":685,"href":"https:\/\/malunga.org\/pt-br\/wp-json\/wp\/v2\/pages\/684\/revisions\/685"}],"wp:featuredmedia":[{"embeddable":true,"href":"https:\/\/malunga.org\/pt-br\/wp-json\/wp\/v2\/media\/683"}],"wp:attachment":[{"href":"https:\/\/malunga.org\/pt-br\/wp-json\/wp\/v2\/media?parent=684"}],"curies":[{"name":"wp","href":"https:\/\/api.w.org\/{rel}","templated":true}]}}