{"id":733,"date":"2025-08-12T16:39:23","date_gmt":"2025-08-12T21:39:23","guid":{"rendered":"https:\/\/malunga.org\/algo-deu-errado\/"},"modified":"2025-09-25T15:30:48","modified_gmt":"2025-09-25T20:30:48","slug":"algo-deu-errado","status":"publish","type":"page","link":"https:\/\/malunga.org\/pt-br\/algo-deu-errado\/","title":{"rendered":"Algo deu errado"},"content":{"rendered":"\n<p class=\"has-text-align-center\">Parece que houve um erro no carregamento da p\u00e1gina ou no envio de sua mensagem.<\/p>\n\n<p class=\"has-text-align-center\">N\u00e3o se preocupe, isso pode acontecer. Estamos trabalhando para solucion\u00e1-lo.<\/p>\n\n<p class=\"has-text-align-center\">Obrigado pela sua compreens\u00e3o.<\/p>\n","protected":false},"excerpt":{"rendered":"<p>Parece que houve um erro no carregamento da p\u00e1gina ou no envio de sua mensagem. N\u00e3o se preocupe, isso pode acontecer. Estamos trabalhando para solucion\u00e1-lo. Obrigado pela sua compreens\u00e3o.<\/p>\n","protected":false},"author":1,"featured_media":683,"parent":0,"menu_order":0,"comment_status":"closed","ping_status":"closed","template":"templates\/exito-error.php","meta":{"_acf_changed":false,"footnotes":""},"class_list":["post-733","page","type-page","status-publish","has-post-thumbnail","hentry"],"acf":[],"_links":{"self":[{"href":"https:\/\/malunga.org\/pt-br\/wp-json\/wp\/v2\/pages\/733","targetHints":{"allow":["GET"]}}],"collection":[{"href":"https:\/\/malunga.org\/pt-br\/wp-json\/wp\/v2\/pages"}],"about":[{"href":"https:\/\/malunga.org\/pt-br\/wp-json\/wp\/v2\/types\/page"}],"author":[{"embeddable":true,"href":"https:\/\/malunga.org\/pt-br\/wp-json\/wp\/v2\/users\/1"}],"replies":[{"embeddable":true,"href":"https:\/\/malunga.org\/pt-br\/wp-json\/wp\/v2\/comments?post=733"}],"version-history":[{"count":1,"href":"https:\/\/malunga.org\/pt-br\/wp-json\/wp\/v2\/pages\/733\/revisions"}],"predecessor-version":[{"id":734,"href":"https:\/\/malunga.org\/pt-br\/wp-json\/wp\/v2\/pages\/733\/revisions\/734"}],"wp:featuredmedia":[{"embeddable":true,"href":"https:\/\/malunga.org\/pt-br\/wp-json\/wp\/v2\/media\/683"}],"wp:attachment":[{"href":"https:\/\/malunga.org\/pt-br\/wp-json\/wp\/v2\/media?parent=733"}],"curies":[{"name":"wp","href":"https:\/\/api.w.org\/{rel}","templated":true}]}}