{"id":739,"date":"2025-08-12T17:05:20","date_gmt":"2025-08-12T22:05:20","guid":{"rendered":"https:\/\/malunga.org\/contribua-para-a-rede-malunga\/"},"modified":"2025-09-25T15:31:39","modified_gmt":"2025-09-25T20:31:39","slug":"contribua-para-a-rede-malunga","status":"publish","type":"page","link":"https:\/\/malunga.org\/pt-br\/contribua-para-a-rede-malunga\/","title":{"rendered":"Contribua para a Rede Malunga"},"content":{"rendered":"\n<h2 class=\"wp-block-heading\">Malunga se sustenta com m\u00e3os, mem\u00f3rias e vontades.<\/h2>\n\n<p>A Rede Malunga se sustenta a partir da autonomia, da colabora\u00e7\u00e3o e do <strong>cuidado coletivo<\/strong>.<br\/>Somos um espa\u00e7o independente, transnacional e antirracista que se constr\u00f3i com o compromisso ativo de pessoas e organiza\u00e7\u00f5es que acreditam na justi\u00e7a racial e na transforma\u00e7\u00e3o da vida a partir de nossas mem\u00f3rias, saberes e resist\u00eancias.<br\/>Se voc\u00ea deseja fazer uma contribui\u00e7\u00e3o para a Rede e\/ou tem em mente outra forma de apoiar a rede e quer nos contar, entre em contato com <a href=\"mailto:redmalunga@gmail.com\" target=\"_blank\" rel=\"noreferrer noopener\">redmalunga@gmail.com<\/a><br\/>Sua inten\u00e7\u00e3o de contribuir nos ajuda a continuar caminhando em conjunto, sustentando espa\u00e7os e canais de encontro.<\/p>\n","protected":false},"excerpt":{"rendered":"<p>Malunga se sustenta com m\u00e3os, mem\u00f3rias e vontades. A Rede Malunga se sustenta a partir da autonomia, da colabora\u00e7\u00e3o e do cuidado coletivo.Somos um espa\u00e7o independente, transnacional e antirracista que se constr\u00f3i com o compromisso ativo de pessoas e organiza\u00e7\u00f5es que acreditam na justi\u00e7a racial e na transforma\u00e7\u00e3o da vida a partir de nossas mem\u00f3rias, [&hellip;]<\/p>\n","protected":false},"author":1,"featured_media":738,"parent":0,"menu_order":0,"comment_status":"closed","ping_status":"closed","template":"templates\/donaciones.php","meta":{"_acf_changed":false,"footnotes":""},"class_list":["post-739","page","type-page","status-publish","has-post-thumbnail","hentry"],"acf":[],"_links":{"self":[{"href":"https:\/\/malunga.org\/pt-br\/wp-json\/wp\/v2\/pages\/739","targetHints":{"allow":["GET"]}}],"collection":[{"href":"https:\/\/malunga.org\/pt-br\/wp-json\/wp\/v2\/pages"}],"about":[{"href":"https:\/\/malunga.org\/pt-br\/wp-json\/wp\/v2\/types\/page"}],"author":[{"embeddable":true,"href":"https:\/\/malunga.org\/pt-br\/wp-json\/wp\/v2\/users\/1"}],"replies":[{"embeddable":true,"href":"https:\/\/malunga.org\/pt-br\/wp-json\/wp\/v2\/comments?post=739"}],"version-history":[{"count":1,"href":"https:\/\/malunga.org\/pt-br\/wp-json\/wp\/v2\/pages\/739\/revisions"}],"predecessor-version":[{"id":740,"href":"https:\/\/malunga.org\/pt-br\/wp-json\/wp\/v2\/pages\/739\/revisions\/740"}],"wp:featuredmedia":[{"embeddable":true,"href":"https:\/\/malunga.org\/pt-br\/wp-json\/wp\/v2\/media\/738"}],"wp:attachment":[{"href":"https:\/\/malunga.org\/pt-br\/wp-json\/wp\/v2\/media?parent=739"}],"curies":[{"name":"wp","href":"https:\/\/api.w.org\/{rel}","templated":true}]}}