{"id":765,"date":"2025-05-26T15:17:41","date_gmt":"2025-05-26T20:17:41","guid":{"rendered":"https:\/\/malunga.org\/pagina-de-exemplo\/"},"modified":"2025-09-25T15:35:16","modified_gmt":"2025-09-25T20:35:16","slug":"pagina-de-exemplo","status":"publish","type":"page","link":"https:\/\/malunga.org\/pt-br\/pagina-de-exemplo\/","title":{"rendered":"P\u00e1gina de exemplo"},"content":{"rendered":"\n<p>Esta \u00e9 uma p\u00e1gina de exemplo. \u00c9 diferente de uma postagem de blog porque permanecer\u00e1 no mesmo lugar e ser\u00e1 exibida na navega\u00e7\u00e3o do seu site (na maioria dos temas). A maioria das pessoas come\u00e7a com uma p\u00e1gina &#8216;Sobre&#8217; que as apresenta aos potenciais visitantes do site. Poderia dizer algo como isto:<\/p>\n\n<blockquote class=\"wp-block-quote is-layout-flow wp-block-quote-is-layout-flow\"><p>Ol\u00e1! Sou um mensageiro de bicicleta durante o dia, aspirante a ator \u00e0 noite, e este \u00e9 o meu site. Moro em Los Angeles, tenho um \u00f3timo cachorro chamado Jack e gosto de pi\u00f1as coladas. (E de ser pego na chuva.)<\/p><\/blockquote>\n\n<p>&#8230;ou algo assim:<\/p>\n\n<blockquote class=\"wp-block-quote is-layout-flow wp-block-quote-is-layout-flow\"><p>A Empresa Doohickey XYZ foi fundada em 1971 e tem fornecido coisas de qualidade ao p\u00fablico desde ent\u00e3o. Localizada na cidade de Gotham, a XYZ emprega mais de 2.000 pessoas e faz todo tipo de coisas impressionantes para a comunidade g\u00f3tica.<\/p><\/blockquote>\n\n<p>Como novo usu\u00e1rio do WordPress, voc\u00ea deve ir para <a href=\"https:\/\/malunga.org\/wp-admin\/\">seu Painel<\/a> para excluir esta p\u00e1gina e criar novas p\u00e1ginas para seu conte\u00fado. Divirta-se!<\/p>\n","protected":false},"excerpt":{"rendered":"<p>Esta \u00e9 uma p\u00e1gina de exemplo. \u00c9 diferente de uma postagem de blog porque permanecer\u00e1 no mesmo lugar e ser\u00e1 exibida na navega\u00e7\u00e3o do seu site (na maioria dos temas). A maioria das pessoas come\u00e7a com uma p\u00e1gina &#8216;Sobre&#8217; que as apresenta aos potenciais visitantes do site. Poderia dizer algo como isto: Ol\u00e1! Sou um [&hellip;]<\/p>\n","protected":false},"author":1,"featured_media":0,"parent":0,"menu_order":0,"comment_status":"closed","ping_status":"open","template":"","meta":{"_acf_changed":false,"footnotes":""},"class_list":["post-765","page","type-page","status-publish","hentry"],"acf":[],"_links":{"self":[{"href":"https:\/\/malunga.org\/pt-br\/wp-json\/wp\/v2\/pages\/765","targetHints":{"allow":["GET"]}}],"collection":[{"href":"https:\/\/malunga.org\/pt-br\/wp-json\/wp\/v2\/pages"}],"about":[{"href":"https:\/\/malunga.org\/pt-br\/wp-json\/wp\/v2\/types\/page"}],"author":[{"embeddable":true,"href":"https:\/\/malunga.org\/pt-br\/wp-json\/wp\/v2\/users\/1"}],"replies":[{"embeddable":true,"href":"https:\/\/malunga.org\/pt-br\/wp-json\/wp\/v2\/comments?post=765"}],"version-history":[{"count":1,"href":"https:\/\/malunga.org\/pt-br\/wp-json\/wp\/v2\/pages\/765\/revisions"}],"predecessor-version":[{"id":766,"href":"https:\/\/malunga.org\/pt-br\/wp-json\/wp\/v2\/pages\/765\/revisions\/766"}],"wp:attachment":[{"href":"https:\/\/malunga.org\/pt-br\/wp-json\/wp\/v2\/media?parent=765"}],"curies":[{"name":"wp","href":"https:\/\/api.w.org\/{rel}","templated":true}]}}